{"id":1401,"date":"2023-11-27T09:54:48","date_gmt":"2023-11-27T09:54:48","guid":{"rendered":"https:\/\/clubqueretaro.com\/qrofc\/?page_id=1401"},"modified":"2025-10-11T10:35:01","modified_gmt":"2025-10-11T02:35:01","slug":"privacy-policy-8","status":"publish","type":"page","link":"https:\/\/clubqueretaro.com\/gallos-blancos\/privacy-policy-8\/","title":{"rendered":"AVISO DE PRIVACIDAD"},"content":{"rendered":"\n<p class=\"has-text-align-center\"><strong>GALUCAL GROUP, S. DE R.L. DE C.V.<\/strong><\/p>\n\n\n\n<p>En cumplimiento a la Ley Federal de Protecci\u00f3n de Datos Personales en Posesi\u00f3n de los Particulares; GALUCAL GROUP, S. DE R.L. DE C.V., en adelante \u201cGallos Blancos de Quer\u00e9taro\u201d, tiene la necesidad de recopilar determinada informaci\u00f3n personal y ser\u00e1 responsable de recabar sus datos personales, del uso que se le d\u00e9 a los mismos y de su protecci\u00f3n.&nbsp;<\/p>\n\n\n\n<p>Gallos Blancos de Quer\u00e9taro tiene su domicilio en Avenida 10 esquina Calle 57, Colonia Lomas de Casa Blanca, Quer\u00e9taro, Qro., C.P. 76080.<\/p>\n\n\n\n<p><strong>OBJETO DEL AVISO DE PRIVACIDAD<\/strong><\/p>\n\n\n\n<p>El prop\u00f3sito del presente Aviso de Privacidad es \u00fanicamente el de informar a los titulares de los datos personales las caracter\u00edsticas principales del tratamiento al que ser\u00e1 sometida su informaci\u00f3n personal, por lo que no tendr\u00e1 validez para cualquier uso distinto a la protecci\u00f3n de datos personales.<\/p>\n\n\n\n<p><strong>DATOS QUE SE RECABAN<\/strong><\/p>\n\n\n\n<p>Los datos personales que podr\u00e1n ser tratados por \u201cGallos Blancos de Quer\u00e9taro\u201d son:<\/p>\n\n\n\n<ul class=\"wp-block-list\">\n<li><strong>Datos de identificaci\u00f3n:<\/strong> Nombre completo, Registro Federal de Contribuyentes (RFC), Clave \u00danica de Registro de Poblaci\u00f3n (CURP), N\u00famero de Seguridad Social (NSS), credencial para votar, pasaporte, cartilla del servicio militar, identificaci\u00f3n oficial, acta de nacimiento, edad, estado civil, sexo, firma, fotograf\u00eda, fecha y lugar de nacimiento, fecha de cumplea\u00f1os, nacionalidad, domicilio y comprobante de domicilio.<\/li>\n\n\n\n<li><strong>Datos de identificaci\u00f3n en redes sociales: <\/strong>Nombre de usuario en Facebook, Twitter e Instagram.<\/li>\n\n\n\n<li><strong>Datos de contacto: <\/strong>N\u00famero de tel\u00e9fono fijo y\/o m\u00f3vil y correo electr\u00f3nico.<\/li>\n\n\n\n<li><strong>Datos familiares:<\/strong><ul><li>Padre y madre: Nombre completo, lugar y fecha de nacimiento, estado civil, tel\u00e9fono fijo y\/o m\u00f3vil, ocupaci\u00f3n, puesto o cargo que desempe\u00f1a en el lugar de trabajo, \u00faltimo grado acad\u00e9mico, credencial para votar y firma.<\/li><\/ul><ul><li>Esposo(a): Nombre completo, fecha y lugar de nacimiento.<\/li><\/ul><ul><li>Hijos (as): Nombre completo y fecha de nacimiento.<\/li><\/ul><ul><li>Hermanos (as): Nombre completo, tel\u00e9fono fijo y\/o m\u00f3vil, grado acad\u00e9mico y ocupaci\u00f3n.<\/li><\/ul>\n<ul class=\"wp-block-list\">\n<li>Referencias: Nombre completo, parentesco, tel\u00e9fono y ocupaci\u00f3n.<\/li>\n<\/ul>\n<\/li>\n\n\n\n<li><strong>Datos fiscales:<\/strong> C\u00e9dula y Constancia de Situaci\u00f3n Fiscal, comprobante de domicilio fiscal, nombre completo del representante legal.<\/li>\n\n\n\n<li><strong>Datos en caso de emergencia:<\/strong> Nombre completo, n\u00famero de tel\u00e9fono, parentesco y domicilio.<\/li>\n\n\n\n<li><strong>Datos de las escuelas filiales:<\/strong> Fotograf\u00edas, direcci\u00f3n y croquis de las instalaciones.<\/li>\n\n\n\n<li><strong>Datos legales:<\/strong> Acta constitutiva, poder notarial, t\u00edtulo de registro de marca y\/o documento que acredite la titularidad o uso de las marcas.<\/li>\n\n\n\n<li><strong>Datos biom\u00e9tricos: <\/strong>Huella dactilar.<\/li>\n\n\n\n<li><strong>Datos de im\u00e1genes fotogr\u00e1ficas y videos institucionales: <\/strong>Fotograf\u00edas y videos cuando se lleven a cabo visorias, entrenamientos, pr\u00e1cticas, torneos, partidos, pruebas m\u00e9dicas y cualquier otra actividad de publicidad y promoci\u00f3n del Primer Equipo, Fuerzas B\u00e1sicas y Categor\u00eda Femenil que lleve a cabo y\/o en los que participe el Gallos Blancos de Quer\u00e9taro.<\/li>\n<\/ul>\n\n\n\n<p><strong>&nbsp;&nbsp;&nbsp; DATOS PERSONALES SENSIBLES<\/strong><\/p>\n\n\n\n<p>Adem\u00e1s de los datos personales mencionados anteriormente, Gallos Blancos de Quer\u00e9taro recabar\u00e1 y tratar\u00e1 ciertos datos sensibles, que pudieran estar relacionados con: estado de salud, valoraci\u00f3n cardiovascular, antecedentes m\u00e9dicos hereditarios y familiares, alergias, tipo de sangre, estatura, peso, enfermedades cr\u00f3nicas, antecedentes personales patol\u00f3gicos, medidas antropom\u00e9tricas, certificado m\u00e9dico y socioecon\u00f3mico. Gallos Blancos de Quer\u00e9taro se compromete a que los datos personales sensibles ser\u00e1n tratados con estricta seguridad y confidencialidad.<\/p>\n\n\n\n<p><strong>FINALIDADES DEL TRATAMIENTO DE LOS DATOS PERSONALES<\/strong><\/p>\n\n\n\n<p>Los Datos Personales en posesi\u00f3n de Gallos Blancos de Quer\u00e9taro ser\u00e1n utilizados para las siguientes finalidades:<\/p>\n\n\n\n<p><strong>Finalidades Primarias:<\/strong><\/p>\n\n\n\n<ol style=\"list-style-type:lower-alpha\" class=\"wp-block-list\">\n<li><strong>Finalidades para empleados, colaboradores y\/o prestadores servicios profesionales.<\/strong><\/li>\n<\/ol>\n\n\n\n<ol style=\"list-style-type:upper-roman\" class=\"wp-block-list\">\n<li>Contratar y elaborar expedientes f\u00edsicos y electr\u00f3nicos, as\u00ed como dar mantenimiento a la documentaci\u00f3n sobre su relaci\u00f3n que pueda tener con Gallos Blancos de Quer\u00e9taro.<\/li>\n\n\n\n<li>Administrar el acceso electr\u00f3nico a los sistemas e infraestructura tecnol\u00f3gica de Gallos Blancos de Quer\u00e9taro.<\/li>\n\n\n\n<li>Cumplir con las obligaciones y prestaciones legales y fiscales que sean aplicables antes y despu\u00e9s de la relaci\u00f3n con Gallos Blancos de Quer\u00e9taro.<\/li>\n\n\n\n<li>Evaluar, dise\u00f1ar, otorgar y administrar becas educativas, apoyos alimenticios y de vivienda, as\u00ed como actividades recreativas, culturales y deportivas.<\/li>\n\n\n\n<li>Identificar y permitir el acceso a las instalaciones del Gallos Blancos de Quer\u00e9taro.<\/li>\n\n\n\n<li>Acreditar la identidad y realizar el registro de los (as) jugadores (as) que participen en el tornero Inter Filiales.<\/li>\n<\/ol>\n\n\n\n<ul class=\"wp-block-list\">\n<li><strong>Finalidades de Datos Sensibles:<\/strong><\/li>\n<\/ul>\n\n\n\n<ol style=\"list-style-type:upper-roman\" class=\"wp-block-list\">\n<li>Conocer el estado de salud, antecedentes m\u00e9dicos de las personas que nos contactan.<\/li>\n<\/ol>\n\n\n\n<ul class=\"wp-block-list\">\n<li><strong>Finalidades para proveedores, acreedores, patrocinadores y clientes.<\/strong><\/li>\n<\/ul>\n\n\n\n<ol style=\"list-style-type:upper-roman\" class=\"wp-block-list\">\n<li>Registrar en los sistemas internos.<\/li>\n\n\n\n<li>Las necesarias para la existencia y cumplimiento de las obligaciones convenidas.<\/li>\n\n\n\n<li>Otorgar acreditaciones para el acceso a los eventos deportivos del Gallos Blancos de Quer\u00e9taro como local y poder delimitar dicho acceso.<\/li>\n\n\n\n<li>Mantener y gestionar el funcionamiento de las escuelas deportivas, promocionar las actividades y servicios que presta el Gallos Blancos de Quer\u00e9taro.<\/li>\n<\/ol>\n\n\n\n<p><strong>Finalidades secundarias:<\/strong><\/p>\n\n\n\n<ol style=\"list-style-type:upper-roman\" class=\"wp-block-list\">\n<li>Realizar estudios con fines estad\u00edsticos o de control interno.<\/li>\n\n\n\n<li>Brindar informaci\u00f3n, servicios, productos o eventos, incluyendo el env\u00edo de publicidad y boletines informativos de cualquier medio perteneciente a Gallos Blancos de Quer\u00e9taro, as\u00ed como de promotores y anunciantes relacionados con \u00e9stos; del mismo modo las empresas filiales y\/o subsidiarias.<\/li>\n\n\n\n<li>Proporcionar informaci\u00f3n en relaci\u00f3n con Gallos Blancos de Quer\u00e9taro como fechas de partidos, programas de lealtad a aficionados, eventos especiales del equipo y generar bases de datos que se podr\u00e1n utilizar con fines de control al programa de lealtad, as\u00ed como para la publicaci\u00f3n de ganadores.<\/li>\n\n\n\n<li>Publicar fotograf\u00edas y videos en los medios impresos y\/o digitales, electr\u00f3nicos, o redes sociales de Gallos Blancos de Quer\u00e9taro.<\/li>\n\n\n\n<li>Transparentar la etapa de selecci\u00f3n de los jugadores que participan en el proceso de visorias.<\/li>\n\n\n\n<li>Corroborar que Gallos Blancos de Quer\u00e9taro no cobre cuotas por realizar visorias.<\/li>\n\n\n\n<li>Publicar nombre y foto en boletines informativos referentes al desarrollo profesional, promociones, participaci\u00f3n en eventos derivados del trabajo, logros profesionales, aniversarios y brigadas de protecci\u00f3n civil.<\/li>\n\n\n\n<li>Enviar campa\u00f1as de promoci\u00f3n.<\/li>\n\n\n\n<li>Convocar a eventos de convivencia y capacitaci\u00f3n.<\/li>\n\n\n\n<li>Poder realizar la entrega de productos, obsequios y\/o premios en caso de ser ganador (a) en cualquiera de las din\u00e1micas, promociones, concursos, trivias y retos realizados por Gallos Blancos de Quer\u00e9taro.<\/li>\n<\/ol>\n\n\n\n<p>En caso de no desear que sus datos personales sean tratados para las finalidades secundarias, podr\u00e1 enviar un correo electr\u00f3nico a alguna de las siguientes direcciones: <a href=\"mailto:omarleon@clubqueretaro.com\">omarleon@clubqueretaro.com<\/a> y\/o <a href=\"mailto:salvador.quintero@clubqueretaro.com\">salvador.quintero@clubqueretaro.com<\/a>, o presentar su solicitud por escrito en el siguiente domicilio para o\u00edr y recibir notificaciones: Avenida 10 esquina Calle 57, Colonia Lomas de Casa Blanca, Quer\u00e9taro, Qro., C.P. 76080, en d\u00edas h\u00e1biles y en horario de lunes a jueves de 9:00 a 14:30 horas y de 16:30 a 19:00 horas y viernes de 8:00 a 15:00 horas.<\/p>\n\n\n\n<p><strong>EXCLUSI\u00d3N DE RESPONSABILIDAD DEL SITIO OFICIAL<\/strong><\/p>\n\n\n\n<p>El Sitio Oficial podr\u00eda contener hiperv\u00ednculos o hipertextos \u201clinks\u201d, banners, promociones, tiendas virtuales y botones que al ser utilizados por los usuarios transportan a otros portales o sitios de internet que podr\u00edan ser propiedad de terceros. Los Datos Personales que los usuarios llegaren a proporcionar a trav\u00e9s de estos portales o sitios de internet no se encuentran contemplados por este Aviso de Privacidad y su tratamiento no es responsabilidad de Gallos Blancos de Quer\u00e9taro, ya que se sujetar\u00e1n a los respectivos Avisos de Privacidad que se contengan en cada uno de ellos, salvo que Gallos Blancos de Quer\u00e9taro se\u00f1ale lo contrario.<\/p>\n\n\n\n<p><strong>TRANSFERENCIA<\/strong><\/p>\n\n\n\n<p>Gallos Blancos de Quer\u00e9taro podr\u00e1 transferir fuera y dentro del pa\u00eds los datos personales de los titulares, salvo las excepciones previstas en el art\u00edculo 37 de la Ley o cuando dicha transferencia sea necesaria para dar cumplimiento a todas las obligaciones que deriven de la relaci\u00f3n entre Gallos Blancos de Quer\u00e9taro y el titular, incluyendo las impuestas por la Ley Federal del Trabajo y las que se originan del contrato laboral o de servicios, seg\u00fan sea aplicable, incluso despu\u00e9s de terminada la relaci\u00f3n y cuando se trate de terceros subcontratados o relacionados con la prestaci\u00f3n de servicios, se exigir\u00e1 a \u00e9stos guardar confidencialidad durante su tratamiento y abstenci\u00f3n de los malos usos a trav\u00e9s de convenios establecidos.<\/p>\n\n\n\n<p><strong>MENORES DE EDAD<\/strong><\/p>\n\n\n\n<p>Gallos Blancos de Quer\u00e9taro podr\u00e1 recabar datos personales de menores de edad debido a la naturaleza de sus actividades, tales como:<\/p>\n\n\n\n<ul class=\"wp-block-list\">\n<li><strong>Datos de identificaci\u00f3n:<\/strong>\n<ul class=\"wp-block-list\">\n<li>Nombre completo, fecha y lugar de nacimiento, tel\u00e9fono de casa, tel\u00e9fono celular, correo electr\u00f3nico, direcci\u00f3n, acta de nacimiento, pasaporte, fotograf\u00edas, Registro Federal de Contribuyentes (RFC), Clave \u00danica de Registro Poblacional (CURP), N\u00famero de Seguridad Social (NSS), edad, nacionalidad y firma.<\/li>\n<\/ul>\n<\/li>\n<\/ul>\n\n\n\n<ul class=\"wp-block-list\">\n<li><strong>Datos acad\u00e9micos:<\/strong>\n<ul class=\"wp-block-list\">\n<li>Escolaridad y constancia de estudios.<\/li>\n<\/ul>\n<\/li>\n<\/ul>\n\n\n\n<ul class=\"wp-block-list\">\n<li><strong>Datos sensibles:<\/strong>\n<ul class=\"wp-block-list\">\n<li>Enfermedades cr\u00f3nicas, alergias, tipo de sangre, cirug\u00edas, peso, estatura, certificado m\u00e9dico, antecedentes m\u00e9dicos hereditarios y familiares.<\/li>\n<\/ul>\n<\/li>\n<\/ul>\n\n\n\n<ul class=\"wp-block-list\">\n<li><strong>Im\u00e1genes captadas por c\u00e1maras de videovigilancia.<\/strong><\/li>\n<\/ul>\n\n\n\n<p>Gallos Blancos de Quer\u00e9taro podr\u00e1 tratar los datos de los menores mediante el consentimiento expreso de la persona que ejerza la patria potestad, o en su caso el tutor o representante legal, en los t\u00e9rminos establecidos del C\u00f3digo Civil Federal al aceptar los t\u00e9rminos y condiciones del manejo de los datos personales a trav\u00e9s del presente Aviso de Privacidad, de lo contrario Gallos Blancos de Quer\u00e9taro no podr\u00e1 tratar dichos datos, por lo que en caso de que quien ejerza la patria potestad, env\u00ede informaci\u00f3n referente a los menores, con el simple hecho de publicarla o proporcionarla por cualquier medio a la Empresa, est\u00e1 otorgando su consentimiento.<\/p>\n\n\n\n<p><strong>SITIO OFICIAL Y REDES SOCIALES<\/strong><\/p>\n\n\n\n<p>Gallos Blancos de Quer\u00e9taro podr\u00e1 recabar datos de identificaci\u00f3n a trav\u00e9s del Sitio Oficial <a href=\"http:\/\/www.clubqueretaro.com\/mx\/\">http:\/\/www.clubqueretaro.com\/mx\/<\/a>, dichos datos ser\u00e1n proporcionados de manera voluntaria por los usuarios al registrarse en el Login de Gallos Blancos de Quer\u00e9taro <a href=\"https:\/\/clubqueretaro.com\/gallos\/privacidad\">https:\/\/clubqueretaro.com\/gallos\/privacidad<\/a><a href=\"http:\/\/www.clubqueretaro.com\/mx\/index.php\/log-in?view=registration\"><\/a>.<\/p>\n\n\n\n<p>La informaci\u00f3n proporcionada dentro de las redes sociales (Facebook, Twitter e Instagram) no forma parte de los datos personales sujetos a la protecci\u00f3n del presente Aviso, por lo que su tratamiento no es responsabilidad de Gallos Blancos de Quer\u00e9taro.<\/p>\n\n\n\n<p>Cualquier informaci\u00f3n que se publique o divulgue a trav\u00e9s de los perfiles de Gallos Blancos de Quer\u00e9taro en las redes sociales pasar\u00e1 a ser informaci\u00f3n p\u00fablica y estar\u00e1 disponible para los visitantes de los mismos y el p\u00fablico en general. En este sentido, se recomienda tener especial cuidado y diligencia a la hora de divulgar informaci\u00f3n personal o de cualquier otro tipo en estos sitios.<\/p>\n\n\n\n<p><strong>TRATAMIENTO DE IM\u00c1GENES FOTOGRAFICAS, AUDIO Y\/O VIDEO<\/strong><\/p>\n\n\n\n<p>Gallos Blancos de Quer\u00e9taro recaba im\u00e1genes en fotograf\u00eda y video para dar testimonio de las actividades que realiza y generar notas con car\u00e1cter informativo y\/o noticioso. Estas fotograf\u00edas y videos podr\u00e1n ser publicados en medios de comunicaci\u00f3n impresos y digitales como: la Revista Oficial \u201cSiempre Gallos\u201d, el Sitio Oficial, redes sociales (Youtube, Facebook, Twitter e Instagram), materiales publicitarios y cualquier otro medio que utilice para tales efectos. Las personas cuyas fotograf\u00edas o videos sean publicadas, no tendr\u00e1n derecho a reclamar compensaci\u00f3n econ\u00f3mica alguna por el uso de su imagen, en ning\u00fan momento se lucrar\u00e1 con las mismas. Si no manifiesta su oposici\u00f3n para que se publiquen fotos, se entender\u00e1 que ha otorgado su consentimiento para ello.<\/p>\n\n\n\n<p><strong>MEDIDAS PARA PROTEGER LOS DATOS PERSONALES<\/strong><\/p>\n\n\n\n<p>Gallos Blancos de Quer\u00e9taro con la finalidad de resguardar de la mejor manera posible la informaci\u00f3n recibida, se compromete a tratar los datos personales bajo estrictas medidas de seguridad para garantizar su confidencialidad. Se han establecido est\u00e1ndares de seguridad administrativos, legales y tecnol\u00f3gicos para evitar p\u00e9rdidas de informaci\u00f3n.<\/p>\n\n\n\n<p><strong>SOLICITUD DE ACCESO, RECTIFICACI\u00d3N, CANCELACI\u00d3N U OPOSICI\u00d3N DE DATOS PERSONALES Y REVOCACI\u00d3N DEL CONSENTIMIENTO (DERECHOS <\/strong><strong>ARCO)<\/strong><\/p>\n\n\n\n<p>Tiene derecho a conocer qu\u00e9 datos personales tenemos de usted, para qu\u00e9 los utilizamos y las condiciones del uso que les damos, asimismo, es su derecho solicitar la correcci\u00f3n de su informaci\u00f3n personal en caso de que est\u00e9 desactualizada, sea inexacta o incompleta; que la eliminemos de nuestros registros o bases de datos cuando considere que la misma no est\u00e1 siendo utilizada conforme a los principios, deberes y obligaciones previstas en la Ley Federal de Protecci\u00f3n de Datos Personales en Posesi\u00f3n de los Particulares; as\u00ed como oponerse al uso de sus datos personales para fines espec\u00edficos, estos derechos se conocen como derechos ARCO.<\/p>\n\n\n\n<p><strong>MEDIOS PARA PROMOVER SOLICITUDES ARCO<\/strong><\/p>\n\n\n\n<p>Para el ejercicio de cualquiera de los derechos ARCO, deber\u00e1 descargar el formato de solicitud en <a href=\"https:\/\/clubqueretaro.com\/gallos\/privacidad\">https:\/\/clubqueretaro.com\/gallos\/privacidad<\/a><a href=\"http:\/\/www.clubqueretaro.com\/mx\/index.php\/log-in?view=registration\"><\/a> el cual deber\u00e1 que ser llenado conforme a las instrucciones se\u00f1aladas en el referido formato y ser enviado a alguno de los siguientes correos electr\u00f3nicos <a href=\"mailto:omarleon@clubqueretaro.com\">omarleon@clubqueretaro.com<\/a> y\/o <a href=\"mailto:salvador.quintero@clubqueretaro.com\">salvador.quintero@clubqueretaro.com<\/a> o presentar su solicitud por escrito en el siguiente domicilio para o\u00edr y recibir notificaciones, Avenida 10 S\/N Lomas de Casa Blanca, C.P. 76080, Santiago de Quer\u00e9taro, Quer\u00e9taro, en d\u00edas h\u00e1biles y en horario de lunes a jueves de 9:00 a 14:30 horas y de 16:30 a 19:00 horas y viernes de 8:00 a 15:00 horas, o si as\u00ed lo desea, puede presentar solicitud por escrito que contenga la siguiente informaci\u00f3n:<\/p>\n\n\n\n<p>\u2022 Incluir el nombre y firma aut\u00f3grafa del titular, as\u00ed como un domicilio u otro medio para comunicarle la respuesta a su solicitud.<\/p>\n\n\n\n<p>\u2022 Acompa\u00f1arse con copia de los documentos oficiales que acrediten la identidad del titular. (Identificaci\u00f3n oficial vigente).<\/p>\n\n\n\n<p>\u2022 Incluir una descripci\u00f3n clara y precisa de los datos personales respecto de los cuales ejercitar\u00e1 alguno de los derechos que les confiere la Ley.<\/p>\n\n\n\n<p>\u2022 Incluir cualquier elemento o documento que facilite la localizaci\u00f3n de los datos personales de que se traten.<\/p>\n\n\n\n<p>Se le recuerda que el correo anterior, es para uso exclusivo del cumplimiento de la Ley Federal de Protecci\u00f3n de Datos Personales en Posesi\u00f3n de los Particulares.<\/p>\n\n\n\n<p>Si cumpliera con todas las formalidades requeridas para dicho tr\u00e1mite se dar\u00e1 respuesta en los t\u00e9rminos se\u00f1alados por la legislaci\u00f3n aplicable.<\/p>\n\n\n\n<p><strong>MECANISMOS Y PROCEDIMIENTOS PARA LA REVOCACI\u00d3N DE CONSENTIMIENTO<\/strong><\/p>\n\n\n\n<p>En cualquier momento los titulares de datos personales podr\u00e1n solicitar la revocaci\u00f3n del consentimiento que hayan otorgado para el tratamiento de sus datos personales por medio de correo electr\u00f3nico a alguna de las siguientes cuentas: <a href=\"mailto:omarleon@clubqueretaro.com\">omarleon@clubqueretaro.com<\/a> y\/o <a href=\"mailto:salvador.quintero@clubqueretaro.com\">salvador.quintero@clubqueretaro.com<\/a> o presentar su solicitud por escrito en el siguiente domicilio para o\u00edr y recibir notificaciones, Avenida 10 S\/N Lomas de Casa Blanca, C.P. 76080, Santiago de Quer\u00e9taro, Quer\u00e9taro, en d\u00edas h\u00e1biles y en horario de lunes a jueves de 9:00 a 14:30 horas y de 16:30 a 19:00 horas y viernes de 8:00 a 15:00 horas.<\/p>\n\n\n\n<p>En cualquier caso, dicha solicitud deber\u00e1 detallar claramente los datos o finalidades respecto de los cuales se revoca su consentimiento.<\/p>\n\n\n\n<p><strong>OPCIONES Y MEDIOS PARA LIMITAR EL USO O DIVULGACI\u00d3N DE SUS DATOS PERSONALES<\/strong><\/p>\n\n\n\n<p>Los titulares de datos personales tienen el derecho de limitar el uso o divulgaci\u00f3n de sus datos personales por medio de correo electr\u00f3nico a: <a href=\"mailto:omarleon@clubqueretaro.com\">omarleon@clubqueretaro.com<\/a> y\/o <a href=\"mailto:salvador.quintero@clubqueretaro.com\">salvador.quintero@clubqueretaro.com<\/a>, se\u00f1alando la limitaci\u00f3n deseada al uso de sus datos personales.<\/p>\n\n\n\n<p><strong>COOKIES<\/strong><\/p>\n\n\n\n<p>Las cookies son peque\u00f1as piezas de informaci\u00f3n que son enviadas por el sitio web a su navegador y se almacenan en el disco duro de su equipo. Se utilizan para determinar sus preferencias cuando se conecta a los servicios de nuestro sitio, as\u00ed como para rastrear determinados comportamientos o actividades llevadas a cabo por usted dentro de nuestro sitio. La informaci\u00f3n que se colecta es an\u00f3nima, y puede ser compartida con terceros para mejorar su experiencia de navegaci\u00f3n y entregar publicidad en base a sus intereses. Estos datos no incluyen ning\u00fan tipo de informaci\u00f3n de identificaci\u00f3n personal.<\/p>\n\n\n\n<p>El usuario puede optar por que no sean recolectados sus datos. M\u00e1s informaci\u00f3n en T\u00e9rminos y Condiciones de Uso del sitio.<\/p>\n\n\n\n<p><strong>MODIFICACIONES AL AVISO DE PRIVACIDAD<\/strong><\/p>\n\n\n\n<p>El presente Aviso de Privacidad puede sufrir modificaciones, cambios o actualizaciones derivadas de nuevos requerimientos legales, de necesidades y pr\u00e1cticas de privacidad propias, de cambios en nuestro modelo o por otras causas.<\/p>\n\n\n\n<p>Gallos Blancos de Quer\u00e9taro se compromete a mantenerlo informado sobre los cambios que pueda sufrir el presente aviso de privacidad, a trav\u00e9s de la siguiente p\u00e1gina en internet: <a href=\"https:\/\/clubqueretaro.com\/gallos\/privacidad\">https:\/\/clubqueretaro.com\/gallos\/privacidad<\/a><a href=\"http:\/\/www.clubqueretaro.com\/mx\/index.php\/log-in?view=registration\"><\/a>.<\/p>\n\n\n\n<p><strong>Derivado de lo anterior, con el simple hecho de acceder a la p\u00e1gina web, a alguna de las redes sociales oficiales de la Empresa, se est\u00e1 sometiendo y se hace conocedor de lo se\u00f1alado en el presente Aviso de Privacidad.<\/strong><\/p>\n","protected":false},"excerpt":{"rendered":"<p>GALUCAL GROUP, S. DE R.L. DE C.V. En cumplimiento a la Ley Federal de Protecci\u00f3n de Datos Personales<\/p>\n","protected":false},"author":1,"featured_media":0,"parent":0,"menu_order":0,"comment_status":"closed","ping_status":"closed","template":"","meta":{"footnotes":""},"class_list":["post-1401","page","type-page","status-publish","hentry"],"_links":{"self":[{"href":"https:\/\/clubqueretaro.com\/gallos-blancos\/wp-json\/wp\/v2\/pages\/1401","targetHints":{"allow":["GET"]}}],"collection":[{"href":"https:\/\/clubqueretaro.com\/gallos-blancos\/wp-json\/wp\/v2\/pages"}],"about":[{"href":"https:\/\/clubqueretaro.com\/gallos-blancos\/wp-json\/wp\/v2\/types\/page"}],"author":[{"embeddable":true,"href":"https:\/\/clubqueretaro.com\/gallos-blancos\/wp-json\/wp\/v2\/users\/1"}],"replies":[{"embeddable":true,"href":"https:\/\/clubqueretaro.com\/gallos-blancos\/wp-json\/wp\/v2\/comments?post=1401"}],"version-history":[{"count":11,"href":"https:\/\/clubqueretaro.com\/gallos-blancos\/wp-json\/wp\/v2\/pages\/1401\/revisions"}],"predecessor-version":[{"id":3134,"href":"https:\/\/clubqueretaro.com\/gallos-blancos\/wp-json\/wp\/v2\/pages\/1401\/revisions\/3134"}],"wp:attachment":[{"href":"https:\/\/clubqueretaro.com\/gallos-blancos\/wp-json\/wp\/v2\/media?parent=1401"}],"curies":[{"name":"wp","href":"https:\/\/api.w.org\/{rel}","templated":true}]}}