{"id":3313,"date":"2026-02-05T00:53:53","date_gmt":"2026-02-04T16:53:53","guid":{"rendered":"https:\/\/clubqueretaro.com\/gallos-blancos\/?page_id=3313"},"modified":"2026-02-13T00:57:48","modified_gmt":"2026-02-12T16:57:48","slug":"q50","status":"publish","type":"page","link":"https:\/\/clubqueretaro.com\/gallos-blancos\/q50\/","title":{"rendered":"Q50"},"content":{"rendered":"\n<div class=\"wp-block-cover alignfull has-custom-content-position is-position-top-center\" style=\"margin-top:0;padding-top:5vw;padding-right:5vw;padding-bottom:5vw;padding-left:5vw\"><img fetchpriority=\"high\" decoding=\"async\" width=\"785\" height=\"732\" class=\"wp-block-cover__image-background wp-image-3392 size-full\" alt=\"\" src=\"https:\/\/clubqueretaro.com\/gallos-blancos\/wp-content\/uploads\/2026\/02\/fondo-q50.png\" data-object-fit=\"cover\" srcset=\"https:\/\/clubqueretaro.com\/gallos-blancos\/wp-content\/uploads\/2026\/02\/fondo-q50.png 785w, https:\/\/clubqueretaro.com\/gallos-blancos\/wp-content\/uploads\/2026\/02\/fondo-q50-300x280.png 300w, https:\/\/clubqueretaro.com\/gallos-blancos\/wp-content\/uploads\/2026\/02\/fondo-q50-768x716.png 768w\" sizes=\"(max-width: 785px) 100vw, 785px\" \/><span aria-hidden=\"true\" class=\"wp-block-cover__background has-background-dim-0 has-background-dim\" style=\"background-color:#36220c\"><\/span><div class=\"wp-block-cover__inner-container is-layout-flow wp-block-cover-is-layout-flow\">\n<p><mark style=\"background-color:rgba(0, 0, 0, 0)\" class=\"has-inline-color has-luminous-vivid-amber-color\"><strong>DONDE LOS L\u00cdDERES DE QUER\u00c9TARO JUEGAN EN EQUIPO.<\/strong><\/mark><\/p>\n\n\n\n<p>Q50&nbsp;es el business club de los Gallos Blancos de Quer\u00e9taro, una comunidad exclusiva e innovadora de empresarios y directivos que creen que el crecimiento real sucede cuando las personas correctas se encuentran, conversan y conf\u00edan. Una comunidad pensada para el presente y el futuro de la regi\u00f3n.&nbsp;<\/p>\n\n\n\n<div class=\"wp-block-blockspare-blockspare-buttons blockspare-f23d41c9-92ba-4 blockspare-block-button-wrap\" blockspare-animation=\"\"><style>.blockspare-f23d41c9-92ba-4 .blockspare-block-button{text-align:right;margin-top:30px;margin-bottom:30px;margin-left:0px;margin-right:0px}.blockspare-f23d41c9-92ba-4 .blockspare-block-button span{color:#fff;border-width:2px;font-size:16px}.blockspare-f23d41c9-92ba-4 .blockspare-block-button .blockspare-button{background-color:var(--bgcolor)}.blockspare-f23d41c9-92ba-4 .blockspare-block-button .blockspare-button:visited{background-color:var(--bgcolor)}.blockspare-f23d41c9-92ba-4 .blockspare-block-button .blockspare-button:focus{background-color:var(--bgcolor)}.blockspare-f23d41c9-92ba-4 .blockspare-block-button i{font-size:16px}.blockspare-f23d41c9-92ba-4 .blockspare-block-button a{padding-top:12px;padding-bottom:12px;padding-right:22px;padding-left:22px}@media screen and (max-width:1025px){.blockspare-f23d41c9-92ba-4 .blockspare-block-button span{font-size:14px}.blockspare-f23d41c9-92ba-4 .blockspare-block-button i{font-size:14px}}@media screen and (max-width:768px){.blockspare-f23d41c9-92ba-4 .blockspare-block-button span{font-size:14px}.blockspare-f23d41c9-92ba-4 .blockspare-block-button i{font-size:14px}}<\/style><div class=\"blockspare-block-button\"><a href=\"https:\/\/clubqueretaro.com\/gallos-blancos\/form-q50\/\" tabindex=\"0\" class=\"blockspare-button blockspare-button-shape-rounded blockspare-button-size-small\"><span>TENER UNA CITA<\/span><\/a><\/div><\/div>\n\n\n\n<p><strong><mark style=\"background-color:rgba(0, 0, 0, 0)\" class=\"has-inline-color has-luminous-vivid-amber-color\">LOS CLUBES EVOLUCIONAN<\/mark><\/strong><\/p>\n\n\n\n<p>Los clubes evolucionan.&nbsp;Y las ciudades tambi\u00e9n.<\/p>\n\n\n\n<p>Hoy, los clubes de f\u00fatbol m\u00e1s relevantes del mundo ya no son solo equipos: son&nbsp;plataformas de comunidad, negocio y conexi\u00f3n.<\/p>\n\n\n\n<p>Quer\u00e9taro vive un momento clave de crecimiento econ\u00f3mico y atracci\u00f3n de talento, al igual que nuestro querido club.&nbsp;Q50&nbsp;nace para&nbsp;conectar a quienes est\u00e1n tomando decisiones, dentro y fuera de la cancha.<\/p>\n\n\n\n<p><strong><mark style=\"background-color:rgba(0, 0, 0, 0)\" class=\"has-inline-color has-luminous-vivid-amber-color\">QU\u00c9 ES&nbsp;Q50<\/mark><\/strong><\/p>\n\n\n\n<p>Mucho m\u00e1s que networking,Q50&nbsp;es un espacio dise\u00f1ado para l\u00edderes que prefieren:<\/p>\n\n\n\n<ul class=\"wp-block-list\">\n<li>Conversaciones reales, no eventos masivos<\/li>\n\n\n\n<li>Relaciones de largo plazo, no intercambios r\u00e1pidos<\/li>\n\n\n\n<li>Pares con visi\u00f3n, no audiencias<\/li>\n<\/ul>\n\n\n\n<p>Aqu\u00ed los negocios no se fuerzan. Se construyen, con confianza.<\/p>\n\n\n\n<p><strong><mark style=\"background-color:rgba(0, 0, 0, 0)\" class=\"has-inline-color has-luminous-vivid-amber-color\">LA EXPERIENCIA<\/mark><\/strong><\/p>\n\n\n\n<p>Lo que pasa dentro de&nbsp;Q50:&nbsp;<\/p>\n\n\n\n<ul class=\"wp-block-list\">\n<li>Encuentros presenciales cuidadosamente curados<\/li>\n\n\n\n<li>Experiencias exclusivas vinculadas al Club<\/li>\n\n\n\n<li>Espacios para pensar en voz alta con otros l\u00edderes<\/li>\n\n\n\n<li>Un entorno \u00edntimo donde las oportunidades surgen de la relaci\u00f3n humana<\/li>\n<\/ul>\n\n\n\n<p>Nada abierto al p\u00fablico.<\/p>\n\n\n\n<div class=\"wp-block-blockspare-blockspare-buttons blockspare-7a211c71-c5b9-4 blockspare-block-button-wrap\" blockspare-animation=\"\"><style>.blockspare-7a211c71-c5b9-4 .blockspare-block-button{text-align:right;margin-top:30px;margin-bottom:30px;margin-left:0px;margin-right:0px}.blockspare-7a211c71-c5b9-4 .blockspare-block-button span{color:#fff;border-width:2px;font-size:16px}.blockspare-7a211c71-c5b9-4 .blockspare-block-button .blockspare-button{background-color:var(--bgcolor)}.blockspare-7a211c71-c5b9-4 .blockspare-block-button .blockspare-button:visited{background-color:var(--bgcolor)}.blockspare-7a211c71-c5b9-4 .blockspare-block-button .blockspare-button:focus{background-color:var(--bgcolor)}.blockspare-7a211c71-c5b9-4 .blockspare-block-button i{font-size:16px}.blockspare-7a211c71-c5b9-4 .blockspare-block-button a{padding-top:12px;padding-bottom:12px;padding-right:22px;padding-left:22px}@media screen and (max-width:1025px){.blockspare-7a211c71-c5b9-4 .blockspare-block-button span{font-size:14px}.blockspare-7a211c71-c5b9-4 .blockspare-block-button i{font-size:14px}}@media screen and (max-width:768px){.blockspare-7a211c71-c5b9-4 .blockspare-block-button span{font-size:14px}.blockspare-7a211c71-c5b9-4 .blockspare-block-button i{font-size:14px}}<\/style><div class=\"blockspare-block-button\"><a href=\"https:\/\/clubqueretaro.com\/gallos-blancos\/form-q50\/\" tabindex=\"0\" class=\"blockspare-button blockspare-button-shape-rounded blockspare-button-size-small\"><span>TENER UNA CITA<\/span><\/a><\/div><\/div>\n\n\n\n<p><strong><mark style=\"background-color:rgba(0, 0, 0, 0)\" class=\"has-inline-color has-luminous-vivid-amber-color\">Q50&nbsp;NO ES PARA TODOS<\/mark><\/strong><\/p>\n\n\n\n<p>Una comunidad de l\u00edderes (empresarios y directivos). Si te interesa formar parte de una comunidad, empecemos con una conversaci\u00f3n.&nbsp;<\/p>\n\n\n\n<div class=\"wp-block-blockspare-blockspare-buttons blockspare-992087f7-4d96-4 blockspare-block-button-wrap\" blockspare-animation=\"\"><style>.blockspare-992087f7-4d96-4 .blockspare-block-button{text-align:right;margin-top:30px;margin-bottom:30px;margin-left:0px;margin-right:0px}.blockspare-992087f7-4d96-4 .blockspare-block-button span{color:#fff;border-width:2px;font-size:16px}.blockspare-992087f7-4d96-4 .blockspare-block-button .blockspare-button{background-color:var(--bgcolor)}.blockspare-992087f7-4d96-4 .blockspare-block-button .blockspare-button:visited{background-color:var(--bgcolor)}.blockspare-992087f7-4d96-4 .blockspare-block-button .blockspare-button:focus{background-color:var(--bgcolor)}.blockspare-992087f7-4d96-4 .blockspare-block-button i{font-size:16px}.blockspare-992087f7-4d96-4 .blockspare-block-button a{padding-top:12px;padding-bottom:12px;padding-right:22px;padding-left:22px}@media screen and (max-width:1025px){.blockspare-992087f7-4d96-4 .blockspare-block-button span{font-size:14px}.blockspare-992087f7-4d96-4 .blockspare-block-button i{font-size:14px}}@media screen and (max-width:768px){.blockspare-992087f7-4d96-4 .blockspare-block-button span{font-size:14px}.blockspare-992087f7-4d96-4 .blockspare-block-button i{font-size:14px}}<\/style><div class=\"blockspare-block-button\"><a href=\"https:\/\/clubqueretaro.com\/gallos-blancos\/form-q50\/\" tabindex=\"0\" class=\"blockspare-button blockspare-button-shape-rounded blockspare-button-size-small\"><span>TENER UNA CITA<\/span><\/a><\/div><\/div>\n<\/div><\/div>\n\n\n\n<p><\/p>\n","protected":false},"excerpt":{"rendered":"","protected":false},"author":1,"featured_media":0,"parent":0,"menu_order":0,"comment_status":"closed","ping_status":"closed","template":"page-q50.php","meta":{"footnotes":""},"class_list":["post-3313","page","type-page","status-publish","hentry"],"_links":{"self":[{"href":"https:\/\/clubqueretaro.com\/gallos-blancos\/wp-json\/wp\/v2\/pages\/3313","targetHints":{"allow":["GET"]}}],"collection":[{"href":"https:\/\/clubqueretaro.com\/gallos-blancos\/wp-json\/wp\/v2\/pages"}],"about":[{"href":"https:\/\/clubqueretaro.com\/gallos-blancos\/wp-json\/wp\/v2\/types\/page"}],"author":[{"embeddable":true,"href":"https:\/\/clubqueretaro.com\/gallos-blancos\/wp-json\/wp\/v2\/users\/1"}],"replies":[{"embeddable":true,"href":"https:\/\/clubqueretaro.com\/gallos-blancos\/wp-json\/wp\/v2\/comments?post=3313"}],"version-history":[{"count":31,"href":"https:\/\/clubqueretaro.com\/gallos-blancos\/wp-json\/wp\/v2\/pages\/3313\/revisions"}],"predecessor-version":[{"id":3429,"href":"https:\/\/clubqueretaro.com\/gallos-blancos\/wp-json\/wp\/v2\/pages\/3313\/revisions\/3429"}],"wp:attachment":[{"href":"https:\/\/clubqueretaro.com\/gallos-blancos\/wp-json\/wp\/v2\/media?parent=3313"}],"curies":[{"name":"wp","href":"https:\/\/api.w.org\/{rel}","templated":true}]}}