{"id":3363,"date":"2026-02-06T02:14:34","date_gmt":"2026-02-05T18:14:34","guid":{"rendered":"https:\/\/clubqueretaro.com\/gallos-blancos\/?page_id=3363"},"modified":"2026-02-11T07:42:25","modified_gmt":"2026-02-10T23:42:25","slug":"form-q50","status":"publish","type":"page","link":"https:\/\/clubqueretaro.com\/gallos-blancos\/form-q50\/","title":{"rendered":"form-q50"},"content":{"rendered":"\n<div class=\"wp-block-group alignfull has-global-padding is-layout-constrained wp-block-group-is-layout-constrained\">\n<div class=\"wp-block-cover alignfull\" style=\"padding-top:var(--wp--preset--spacing--30);padding-right:var(--wp--preset--spacing--30);padding-bottom:var(--wp--preset--spacing--30);padding-left:var(--wp--preset--spacing--30);min-height:650px;aspect-ratio:unset;\"><img fetchpriority=\"high\" decoding=\"async\" width=\"1024\" height=\"664\" class=\"wp-block-cover__image-background wp-image-3341 size-large\" alt=\"\" src=\"http:\/\/clubqueretaro.com\/gallos-blancos\/wp-content\/uploads\/2026\/02\/006-1024x664.png\" data-object-fit=\"cover\" srcset=\"https:\/\/clubqueretaro.com\/gallos-blancos\/wp-content\/uploads\/2026\/02\/006-1024x664.png 1024w, https:\/\/clubqueretaro.com\/gallos-blancos\/wp-content\/uploads\/2026\/02\/006-300x195.png 300w, https:\/\/clubqueretaro.com\/gallos-blancos\/wp-content\/uploads\/2026\/02\/006-768x498.png 768w, https:\/\/clubqueretaro.com\/gallos-blancos\/wp-content\/uploads\/2026\/02\/006-1536x996.png 1536w, https:\/\/clubqueretaro.com\/gallos-blancos\/wp-content\/uploads\/2026\/02\/006.png 1622w\" sizes=\"(max-width: 1024px) 100vw, 1024px\" \/><span aria-hidden=\"true\" class=\"wp-block-cover__background has-black-background-color has-background-dim\"><\/span><div class=\"wp-block-cover__inner-container is-layout-flow wp-block-cover-is-layout-flow\">\n<div class=\"wpcf7 no-js\" id=\"wpcf7-f3403-o1\" lang=\"es-ES\" dir=\"ltr\" data-wpcf7-id=\"3403\">\n<div class=\"screen-reader-response\"><p role=\"status\" aria-live=\"polite\" aria-atomic=\"true\"><\/p> <ul><\/ul><\/div>\n<form action=\"\/gallos-blancos\/wp-json\/wp\/v2\/pages\/3363#wpcf7-f3403-o1\" method=\"post\" class=\"wpcf7-form init\" aria-label=\"Formulario de contacto\" novalidate=\"novalidate\" data-status=\"init\">\n<fieldset class=\"hidden-fields-container\"><input type=\"hidden\" name=\"_wpcf7\" value=\"3403\" \/><input type=\"hidden\" name=\"_wpcf7_version\" value=\"6.1.6\" \/><input type=\"hidden\" name=\"_wpcf7_locale\" value=\"es_ES\" \/><input type=\"hidden\" name=\"_wpcf7_unit_tag\" value=\"wpcf7-f3403-o1\" \/><input type=\"hidden\" name=\"_wpcf7_container_post\" value=\"0\" \/><input type=\"hidden\" name=\"_wpcf7_posted_data_hash\" value=\"\" \/>\n<\/fieldset>\n<h3>Formulario de Inter\u00e9s \u2013 Q50 The Business Club\n<\/h3>\n<p><br \/>\nEste formulario tiene como objetivo conocer tu perfil profesional y el de tu empresa, para evaluar la afinidad con la comunidad Q50 \u2013 The Business Club.\n<\/p>\n<hr \/>\n<h4>Informaci\u00f3n personal\n<\/h4>\n<p><label>Nombre completo*<br \/>\n<span class=\"wpcf7-form-control-wrap\" data-name=\"nombre-completo\"><input size=\"40\" maxlength=\"400\" class=\"wpcf7-form-control wpcf7-text wpcf7-validates-as-required\" aria-required=\"true\" aria-invalid=\"false\" value=\"\" type=\"text\" name=\"nombre-completo\" \/><\/span><br \/>\n<\/label>\n<\/p>\n<p><label>Correo electr\u00f3nico corporativo*<br \/>\n<span class=\"wpcf7-form-control-wrap\" data-name=\"correo-corporativo\"><input size=\"40\" maxlength=\"400\" class=\"wpcf7-form-control wpcf7-email wpcf7-validates-as-required wpcf7-text wpcf7-validates-as-email\" aria-required=\"true\" aria-invalid=\"false\" value=\"\" type=\"email\" name=\"correo-corporativo\" \/><\/span><br \/>\n<\/label>\n<\/p>\n<p><label>Tel\u00e9fono de contacto*<br \/>\n<span class=\"wpcf7-form-control-wrap\" data-name=\"telefono\"><input size=\"40\" maxlength=\"400\" class=\"wpcf7-form-control wpcf7-tel wpcf7-validates-as-required wpcf7-text wpcf7-validates-as-tel\" aria-required=\"true\" aria-invalid=\"false\" value=\"\" type=\"tel\" name=\"telefono\" \/><\/span><br \/>\n<\/label>\n<\/p>\n<hr \/>\n<h4>Informaci\u00f3n profesional\n<\/h4>\n<p><label>Empresa \/ Organizaci\u00f3n*<br \/>\n<span class=\"wpcf7-form-control-wrap\" data-name=\"empresa\"><input size=\"40\" maxlength=\"400\" class=\"wpcf7-form-control wpcf7-text wpcf7-validates-as-required\" aria-required=\"true\" aria-invalid=\"false\" value=\"\" type=\"text\" name=\"empresa\" \/><\/span><br \/>\n<\/label>\n<\/p>\n<p><label>Cargo actual*<br \/>\n<span class=\"wpcf7-form-control-wrap\" data-name=\"cargo\"><input size=\"40\" maxlength=\"400\" class=\"wpcf7-form-control wpcf7-text wpcf7-validates-as-required\" aria-required=\"true\" aria-invalid=\"false\" placeholder=\"Ej. CEO, Director General, Socio, Founder, Director Comercial\" value=\"\" type=\"text\" name=\"cargo\" \/><\/span><br \/>\n<\/label>\n<\/p>\n<p><label>\u00c1rea de responsabilidad*<br \/>\n<span class=\"wpcf7-form-control-wrap\" data-name=\"area-responsabilidad\"><input size=\"40\" maxlength=\"400\" class=\"wpcf7-form-control wpcf7-text wpcf7-validates-as-required\" aria-required=\"true\" aria-invalid=\"false\" placeholder=\"Ej. Direcci\u00f3n General, Finanzas, Comercial, Operaciones\" value=\"\" type=\"text\" name=\"area-responsabilidad\" \/><\/span><br \/>\n<\/label>\n<\/p>\n<p><label>N\u00famero aproximado de empleados*<br \/>\n<span class=\"wpcf7-form-control-wrap\" data-name=\"numero-empleados\"><select class=\"wpcf7-form-control wpcf7-select wpcf7-validates-as-required\" aria-required=\"true\" aria-invalid=\"false\" name=\"numero-empleados\"><option value=\"1\u201310\">1\u201310<\/option><option value=\"11\u201350\">11\u201350<\/option><option value=\"51\u2013200\">51\u2013200<\/option><option value=\"201\u2013500\">201\u2013500<\/option><option value=\"+500\">+500<\/option><\/select><\/span><br \/>\n<\/label>\n<\/p>\n<hr \/>\n<h4>Empresa\n<\/h4>\n<p><label>Industria a la que pertenece la empresa*<br \/>\n<span class=\"wpcf7-form-control-wrap\" data-name=\"industria\"><select class=\"wpcf7-form-control wpcf7-select wpcf7-validates-as-required\" aria-required=\"true\" aria-invalid=\"false\" name=\"industria\"><option value=\"Manufactura\">Manufactura<\/option><option value=\"Servicios\">Servicios<\/option><option value=\"Tecnolog\u00eda\">Tecnolog\u00eda<\/option><option value=\"Finanzas\">Finanzas<\/option><option value=\"Inmobiliario\">Inmobiliario<\/option><option value=\"Consumo\">Consumo<\/option><option value=\"Salud\">Salud<\/option><option value=\"Educaci\u00f3n\">Educaci\u00f3n<\/option><option value=\"Log\u00edstica\">Log\u00edstica<\/option><option value=\"Otra\">Otra<\/option><\/select><\/span><br \/>\n<\/label>\n<\/p>\n<p><label>Si seleccionaste \u201cOtra\u201d, especifica<br \/>\n<span class=\"wpcf7-form-control-wrap\" data-name=\"industria-otra\"><input size=\"40\" maxlength=\"400\" class=\"wpcf7-form-control wpcf7-text\" aria-invalid=\"false\" value=\"\" type=\"text\" name=\"industria-otra\" \/><\/span><br \/>\n<\/label>\n<\/p>\n<p><label>Sitio web de la empresa<br \/>\n<span class=\"wpcf7-form-control-wrap\" data-name=\"sitio-web\"><input size=\"40\" maxlength=\"400\" class=\"wpcf7-form-control wpcf7-url wpcf7-text wpcf7-validates-as-url\" aria-invalid=\"false\" value=\"\" type=\"url\" name=\"sitio-web\" \/><\/span><br \/>\n<\/label>\n<\/p>\n<p><label>Redes sociales de la empresa<br \/>\n<span class=\"wpcf7-form-control-wrap\" data-name=\"redes-sociales\"><input size=\"40\" maxlength=\"400\" class=\"wpcf7-form-control wpcf7-text\" aria-invalid=\"false\" placeholder=\"LinkedIn (principalmente)\" value=\"\" type=\"text\" name=\"redes-sociales\" \/><\/span><br \/>\n<\/label>\n<\/p>\n<hr \/>\n<p><br \/>\nUna vez recibido, nuestro equipo revisar\u00e1 la informaci\u00f3n y se pondr\u00e1 en contacto contigo para compartir los siguientes pasos.\n<\/p>\n<p><br \/>\nAgradecemos mucho tu inter\u00e9s y el tiempo para completar este proceso.\n<\/p>\n<p><input class=\"wpcf7-form-control wpcf7-submit has-spinner\" type=\"submit\" value=\"Enviar solicitud\" \/>\n<\/p><p style=\"display: none !important;\" class=\"akismet-fields-container\" data-prefix=\"_wpcf7_ak_\"><label>&#916;<textarea name=\"_wpcf7_ak_hp_textarea\" cols=\"45\" rows=\"8\" maxlength=\"100\"><\/textarea><\/label><input type=\"hidden\" id=\"ak_js_1\" name=\"_wpcf7_ak_js\" value=\"149\"\/><script type=\"text\/javascript\">\n\/* <![CDATA[ *\/\ndocument.getElementById( \"ak_js_1\" ).setAttribute( \"value\", ( new Date() ).getTime() );\n\/* ]]> *\/\n<\/script>\n<\/p><div class=\"wpcf7-response-output\" aria-hidden=\"true\"><\/div>\n<\/form>\n<\/div>\n\n<\/div><\/div>\n<\/div>\n\n\n\n<p><\/p>\n","protected":false},"excerpt":{"rendered":"","protected":false},"author":1,"featured_media":0,"parent":0,"menu_order":0,"comment_status":"closed","ping_status":"closed","template":"page-q50.php","meta":{"footnotes":""},"class_list":["post-3363","page","type-page","status-publish","hentry"],"_links":{"self":[{"href":"https:\/\/clubqueretaro.com\/gallos-blancos\/wp-json\/wp\/v2\/pages\/3363","targetHints":{"allow":["GET"]}}],"collection":[{"href":"https:\/\/clubqueretaro.com\/gallos-blancos\/wp-json\/wp\/v2\/pages"}],"about":[{"href":"https:\/\/clubqueretaro.com\/gallos-blancos\/wp-json\/wp\/v2\/types\/page"}],"author":[{"embeddable":true,"href":"https:\/\/clubqueretaro.com\/gallos-blancos\/wp-json\/wp\/v2\/users\/1"}],"replies":[{"embeddable":true,"href":"https:\/\/clubqueretaro.com\/gallos-blancos\/wp-json\/wp\/v2\/comments?post=3363"}],"version-history":[{"count":9,"href":"https:\/\/clubqueretaro.com\/gallos-blancos\/wp-json\/wp\/v2\/pages\/3363\/revisions"}],"predecessor-version":[{"id":3408,"href":"https:\/\/clubqueretaro.com\/gallos-blancos\/wp-json\/wp\/v2\/pages\/3363\/revisions\/3408"}],"wp:attachment":[{"href":"https:\/\/clubqueretaro.com\/gallos-blancos\/wp-json\/wp\/v2\/media?parent=3363"}],"curies":[{"name":"wp","href":"https:\/\/api.w.org\/{rel}","templated":true}]}}